{"id":57,"date":"2017-07-05T09:51:53","date_gmt":"2017-07-05T12:51:53","guid":{"rendered":"https:\/\/ce-b.com.ar\/campus\/?page_id=57"},"modified":"2023-04-04T16:14:45","modified_gmt":"2023-04-04T19:14:45","slug":"57-2","status":"publish","type":"page","link":"https:\/\/ce-b.com.ar\/campus\/","title":{"rendered":"Bienvenidos al Campus Virtual del CEB"},"content":{"rendered":"<p class=\"western\" align=\"justify\"><span style=\"font-size: large;\">Estimado alumno para un correcto aprendizaje de la materia le aconsejamos que lea el material de estudio y luego ver las micro clases, la biblioteca digital y realizar las actividades de auto diagn\u00f3stico.<\/span><\/p>\n<p class=\"western\" align=\"justify\"><span style=\"font-size: large;\">Ante cualquier duda o consulta se puede comunicar a <\/span><span style=\"color: #0563c1;\"><u><a href=\"mailto:ceb@ce-b.com.ar\"><span style=\"font-size: large;\">ceb@ce-b.com.ar<\/span><\/a><\/u><\/span><\/p>\n<p align=\"justify\"><img loading=\"lazy\" decoding=\"async\" class=\"aligncenter size-full wp-image-2367\" src=\"https:\/\/ce-b.com.ar\/campus\/wp-content\/uploads\/2020\/02\/campus_ceb.jpg\" alt=\"\" width=\"960\" height=\"540\" srcset=\"https:\/\/ce-b.com.ar\/campus\/wp-content\/uploads\/2020\/02\/campus_ceb.jpg 960w, https:\/\/ce-b.com.ar\/campus\/wp-content\/uploads\/2020\/02\/campus_ceb-300x169.jpg 300w, https:\/\/ce-b.com.ar\/campus\/wp-content\/uploads\/2020\/02\/campus_ceb-768x432.jpg 768w\" sizes=\"auto, (max-width: 960px) 100vw, 960px\" \/><\/p>\n<p class=\"western\"><span style=\"color: #ff0000;\"><span style=\"font-size: medium;\"><u><b>IMPORTANTE<\/b><\/u><\/span><\/span><\/p>\n<p class=\"western\"><span style=\"font-size: medium;\">-Recuerda todas las semanas verificar tu e-mail para estar informado de todas las novedades acad\u00e9micas y administrativas.<\/span><\/p>\n<p class=\"western\"><span style=\"font-size: medium;\">-No olvidar 15 d\u00edas antes del examen solicitan por mail el env\u00edo de la gu\u00eda de evaluaci\u00f3n.<\/span><\/p>\n<p class=\"western\"><span style=\"font-size: medium;\">-Ante cualquier duda o necesidad de orientaci\u00f3n no dudes en comunicarte con nosotros al Te. 011 3036-0936 \/ 011 3065-0897.<\/span><\/p>\n","protected":false},"excerpt":{"rendered":"<p>Estimado alumno para un correcto aprendizaje de la materia le aconsejamos que lea el material de estudio y luego ver las micro clases, la biblioteca digital y realizar las actividades de auto diagn\u00f3stico. Ante cualquier duda o consulta se puede<\/p>\n<p class=\"link-more\"><a class=\"more-link\" href=\"https:\/\/ce-b.com.ar\/campus\/\">Read More <span class=\"screen-reader-text\">Bienvenidos al Campus Virtual del CEB<\/span><\/a><\/p>\n","protected":false},"author":2,"featured_media":0,"parent":0,"menu_order":0,"comment_status":"closed","ping_status":"closed","template":"","meta":{"footnotes":""},"class_list":["post-57","page","type-page","status-publish","hentry","thumb-above-title"],"_links":{"self":[{"href":"https:\/\/ce-b.com.ar\/campus\/wp-json\/wp\/v2\/pages\/57","targetHints":{"allow":["GET"]}}],"collection":[{"href":"https:\/\/ce-b.com.ar\/campus\/wp-json\/wp\/v2\/pages"}],"about":[{"href":"https:\/\/ce-b.com.ar\/campus\/wp-json\/wp\/v2\/types\/page"}],"author":[{"embeddable":true,"href":"https:\/\/ce-b.com.ar\/campus\/wp-json\/wp\/v2\/users\/2"}],"replies":[{"embeddable":true,"href":"https:\/\/ce-b.com.ar\/campus\/wp-json\/wp\/v2\/comments?post=57"}],"version-history":[{"count":1,"href":"https:\/\/ce-b.com.ar\/campus\/wp-json\/wp\/v2\/pages\/57\/revisions"}],"predecessor-version":[{"id":2566,"href":"https:\/\/ce-b.com.ar\/campus\/wp-json\/wp\/v2\/pages\/57\/revisions\/2566"}],"wp:attachment":[{"href":"https:\/\/ce-b.com.ar\/campus\/wp-json\/wp\/v2\/media?parent=57"}],"curies":[{"name":"wp","href":"https:\/\/api.w.org\/{rel}","templated":true}]}}