{"id":62,"date":"2017-07-05T09:57:51","date_gmt":"2017-07-05T12:57:51","guid":{"rendered":"https:\/\/ce-b.com.ar\/campus\/?page_id=62"},"modified":"2017-12-11T11:38:46","modified_gmt":"2017-12-11T14:38:46","slug":"metodologia-de-estudio","status":"publish","type":"page","link":"https:\/\/ce-b.com.ar\/campus\/metodologia-de-estudio\/","title":{"rendered":"Metodolog\u00eda de estudio"},"content":{"rendered":"<h5>Como curs\u00c1s<\/h5>\n<p>Se cursa 1 materia por mes, no hay materias cuatrimestrales, semestrales ni anuales, te concentr\u00e1s en una materia la prepar\u00e1s y la rend\u00eds.<\/p>\n<h5>Como estudi\u00c1s<\/h5>\n<p>La metodolog\u00eda de estudio es Semipresencial, por cada materia recib\u00eds un m\u00f3dulo de estudio.<\/p>\n<h5>M\u00f3dulos<\/h5>\n<p>El material de estudio est\u00e1 confeccionado de manera que el alumno consiga un aprendizaje gradual y pr\u00e1ctico de cada materia, dentro del material se encuentra el cronograma de la misma, los contenidos desarrollados, actividades integradoras y un modelo de examen para que conozcas el sistema de evaluaci\u00f3n. Est\u00e1 dise\u00f1ado con los temas principales de cada asignatura permitiendo al alumno un sencillo y r\u00e1pido aprendizaje. No ten\u00e9s que comprar libros.<\/p>\n<h5>MICRO Clases<\/h5>\n<p><span style=\"font-size: medium;\">Como apoyo al material de estudio ten\u00e9s micro clases tem\u00e1ticas, las mismas son optativas.<\/span><\/p>\n<h5>Ex\u00e1menes<\/h5>\n<p>Los ex\u00e1menes son presenciales, escritos.<\/p>\n<h5>Foro<\/h5>\n<p>Ten\u00e9s un foro de consulta para comunicarte con el tutor.<\/p>\n<p><img loading=\"lazy\" decoding=\"async\" class=\"aligncenter size-full wp-image-181\" src=\"https:\/\/ce-b.com.ar\/campus\/wp-content\/uploads\/2017\/07\/estudio.jpg\" alt=\"\" width=\"850\" height=\"334\" srcset=\"https:\/\/ce-b.com.ar\/campus\/wp-content\/uploads\/2017\/07\/estudio.jpg 850w, https:\/\/ce-b.com.ar\/campus\/wp-content\/uploads\/2017\/07\/estudio-300x118.jpg 300w, https:\/\/ce-b.com.ar\/campus\/wp-content\/uploads\/2017\/07\/estudio-768x302.jpg 768w\" sizes=\"auto, (max-width: 850px) 100vw, 850px\" \/><\/p>\n","protected":false},"excerpt":{"rendered":"<p>Como curs\u00c1s Se cursa 1 materia por mes, no hay materias cuatrimestrales, semestrales ni anuales, te concentr\u00e1s en una materia la prepar\u00e1s y la rend\u00eds. Como estudi\u00c1s La metodolog\u00eda de estudio es Semipresencial, por cada materia recib\u00eds un m\u00f3dulo de<\/p>\n<p class=\"link-more\"><a class=\"more-link\" href=\"https:\/\/ce-b.com.ar\/campus\/metodologia-de-estudio\/\">Read More <span class=\"screen-reader-text\">Metodolog\u00eda de estudio<\/span><\/a><\/p>\n","protected":false},"author":2,"featured_media":0,"parent":0,"menu_order":0,"comment_status":"closed","ping_status":"closed","template":"","meta":{"footnotes":""},"class_list":["post-62","page","type-page","status-publish","hentry","thumb-above-title"],"_links":{"self":[{"href":"https:\/\/ce-b.com.ar\/campus\/wp-json\/wp\/v2\/pages\/62","targetHints":{"allow":["GET"]}}],"collection":[{"href":"https:\/\/ce-b.com.ar\/campus\/wp-json\/wp\/v2\/pages"}],"about":[{"href":"https:\/\/ce-b.com.ar\/campus\/wp-json\/wp\/v2\/types\/page"}],"author":[{"embeddable":true,"href":"https:\/\/ce-b.com.ar\/campus\/wp-json\/wp\/v2\/users\/2"}],"replies":[{"embeddable":true,"href":"https:\/\/ce-b.com.ar\/campus\/wp-json\/wp\/v2\/comments?post=62"}],"version-history":[{"count":0,"href":"https:\/\/ce-b.com.ar\/campus\/wp-json\/wp\/v2\/pages\/62\/revisions"}],"wp:attachment":[{"href":"https:\/\/ce-b.com.ar\/campus\/wp-json\/wp\/v2\/media?parent=62"}],"curies":[{"name":"wp","href":"https:\/\/api.w.org\/{rel}","templated":true}]}}