{"id":64,"date":"2017-07-05T09:59:13","date_gmt":"2017-07-05T12:59:13","guid":{"rendered":"https:\/\/ce-b.com.ar\/campus\/?page_id=64"},"modified":"2019-07-15T11:20:17","modified_gmt":"2019-07-15T14:20:17","slug":"bachillerato-plan-de-estudio","status":"publish","type":"page","link":"https:\/\/ce-b.com.ar\/campus\/bachillerato-plan-de-estudio\/","title":{"rendered":"Plan de Estudio<br> (De acuerdo a lo que el alumno tiene realizado ingresa a un Ciclo)"},"content":{"rendered":"<hr \/>\n<h5>Ciclo B\u00e1sico (Total 27 meses)<\/h5>\n<p style=\"text-align: center;\"><strong>Materia<\/strong><br \/>\nEstrategias de estudio permanente<br \/>\nCiencias Naturales I<br \/>\nGeograf\u00eda I<br \/>\nCiudadan\u00eda<br \/>\nHistoria I<br \/>\nEducaci\u00f3n Tecnol\u00f3gica<br \/>\nLengua<br \/>\nIngles I<br \/>\nMatem\u00e1tica I<br \/>\nInform\u00e1tica Aplicada<br \/>\n<br \/>\n-Corresponde a 1\u00b0 y 2\u00b0 de un plan de 5 a\u00f1os (1\u00b0 a 5\u00b0)<br \/>\n-Corresponde a EGB 3, 8\u00b0 y 9\u00b0<br \/>\n-Corresponde a 1\u00b0 y 2\u00b0 de un plan de 6 a\u00f1os (1\u00b0 a 6\u00b0)<br \/>\n-Corresponde a 1\u00b0 de planes acelerados (1\u00b0 a 3\u00b0)<br \/>\n-Corresponde a 1\u00b0 y 2\u00b0 de planes acelerados (1\u00b0 a 4\u00b0)<\/p>\n<hr \/>\n<h5>Ciclo Intermedio (Total 18 meses)<\/h5>\n<p style=\"text-align: center;\"><strong>Materia<\/strong><br \/>\nEstrategias de estudio permanente<br \/>\nCiencias Naturales II<br \/>\nGeograf\u00eda II<br \/>\nHistoria II<br \/>\nLengua y Literatura II<br \/>\nIngles II<br \/>\nMatem\u00e1tica II<br \/>\n<br \/>\n-Corresponde a 3\u00b0 de un plan de 5 a\u00f1os (1\u00b0 a 5\u00b0)<br \/>\n-Corresponde a 1\u00b0 Polimodal<br \/>\n-Corresponde a 3\u00b0 y 4\u00b0 de un plan de 6 a\u00f1os (1\u00b0 a 6\u00b0)<br \/>\n-Corresponde a 2\u00b0 de planes acelerados (1\u00b0 a 3\u00b0)<br \/>\n-Corresponde a 3\u00b0 de planes acelerados (1\u00b0 a 4\u00b0)<\/p>\n<hr \/>\n<h5>Ciclo Orientado (Total 12 meses)<\/h5>\n<p style=\"text-align: center;\"><strong>Materia<\/strong><br \/>\nEstrategias de estudio permanente<br \/>\nEconom\u00eda I<br \/>\nNuevas Tecnolog\u00edas<br \/>\nGesti\u00f3n de las Organizaciones<br \/>\nLegislaci\u00f3n Impositiva<br \/>\nRecursos Humanos<br \/>\nEconom\u00eda II<br \/>\nLengua y Literatura III<br \/>\nIngles III<br \/>\nMatem\u00e1tica III<br \/>\nSistemas de la Informaci\u00f3n<br \/>\nMicroemprendimiento<br \/>\n<br \/>\n-Corresponde a 4\u00b0 y 5\u00b0 de un plan de 5 a\u00f1os (1\u00b0 a 5\u00b0)<br \/>\n-Corresponde a 2\u00b0 y 3\u00b0 Polimodal<br \/>\n-Corresponde a 5\u00b0 y 6\u00b0 de un plan de 6 a\u00f1os (1\u00b0 a 6\u00b0)<br \/>\n-Corresponde a 3\u00b0 de planes acelerados (1\u00b0 a 3\u00b0)<br \/>\n-Corresponde a 4\u00b0 de planes acelerados (1\u00b0 a 3\u00b0)<\/p>\n","protected":false},"excerpt":{"rendered":"<p>Ciclo B\u00e1sico (Total 27 meses) Materia Estrategias de estudio permanente Ciencias Naturales I Geograf\u00eda I Ciudadan\u00eda Historia I Educaci\u00f3n Tecnol\u00f3gica Lengua Ingles I Matem\u00e1tica I Inform\u00e1tica Aplicada -Corresponde a 1\u00b0 y 2\u00b0 de un plan de 5 a\u00f1os (1\u00b0 a<\/p>\n<p class=\"link-more\"><a class=\"more-link\" href=\"https:\/\/ce-b.com.ar\/campus\/bachillerato-plan-de-estudio\/\">Read More <span class=\"screen-reader-text\">Plan de Estudio<br \/> (De acuerdo a lo que el alumno tiene realizado ingresa a un Ciclo)<\/span><\/a><\/p>\n","protected":false},"author":2,"featured_media":0,"parent":0,"menu_order":0,"comment_status":"closed","ping_status":"closed","template":"","meta":{"footnotes":""},"class_list":["post-64","page","type-page","status-publish","hentry","thumb-above-title"],"_links":{"self":[{"href":"https:\/\/ce-b.com.ar\/campus\/wp-json\/wp\/v2\/pages\/64","targetHints":{"allow":["GET"]}}],"collection":[{"href":"https:\/\/ce-b.com.ar\/campus\/wp-json\/wp\/v2\/pages"}],"about":[{"href":"https:\/\/ce-b.com.ar\/campus\/wp-json\/wp\/v2\/types\/page"}],"author":[{"embeddable":true,"href":"https:\/\/ce-b.com.ar\/campus\/wp-json\/wp\/v2\/users\/2"}],"replies":[{"embeddable":true,"href":"https:\/\/ce-b.com.ar\/campus\/wp-json\/wp\/v2\/comments?post=64"}],"version-history":[{"count":0,"href":"https:\/\/ce-b.com.ar\/campus\/wp-json\/wp\/v2\/pages\/64\/revisions"}],"wp:attachment":[{"href":"https:\/\/ce-b.com.ar\/campus\/wp-json\/wp\/v2\/media?parent=64"}],"curies":[{"name":"wp","href":"https:\/\/api.w.org\/{rel}","templated":true}]}}